{"id":1958,"date":"2021-10-15T16:08:43","date_gmt":"2021-10-15T14:08:43","guid":{"rendered":"http:\/\/www.rvcgutenberg.de\/home\/?page_id=1958"},"modified":"2025-08-20T12:41:06","modified_gmt":"2025-08-20T10:41:06","slug":"voltigieren","status":"publish","type":"page","link":"https:\/\/www.rvcgutenberg.de\/home\/voltigieren\/","title":{"rendered":"Voltigieren"},"content":{"rendered":"\n<h2 class=\"wp-block-heading\"><strong> Akrobatik zwischen Himmel und Erde<\/strong><\/h2>\n\n\n\n<figure class=\"wp-block-image size-large\"><img loading=\"lazy\" decoding=\"async\" width=\"1024\" height=\"682\" src=\"https:\/\/www.rvcgutenberg.de\/home\/wp-content\/uploads\/2025\/08\/f4c34d65-76b7-42f6-8652-aa4dac329f30-1024x682.jpg\" alt=\"\" class=\"wp-image-3725\" srcset=\"https:\/\/www.rvcgutenberg.de\/home\/wp-content\/uploads\/2025\/08\/f4c34d65-76b7-42f6-8652-aa4dac329f30-1024x682.jpg 1024w, https:\/\/www.rvcgutenberg.de\/home\/wp-content\/uploads\/2025\/08\/f4c34d65-76b7-42f6-8652-aa4dac329f30-300x200.jpg 300w, https:\/\/www.rvcgutenberg.de\/home\/wp-content\/uploads\/2025\/08\/f4c34d65-76b7-42f6-8652-aa4dac329f30-768x512.jpg 768w, https:\/\/www.rvcgutenberg.de\/home\/wp-content\/uploads\/2025\/08\/f4c34d65-76b7-42f6-8652-aa4dac329f30-1536x1024.jpg 1536w, https:\/\/www.rvcgutenberg.de\/home\/wp-content\/uploads\/2025\/08\/f4c34d65-76b7-42f6-8652-aa4dac329f30-1200x800.jpg 1200w, https:\/\/www.rvcgutenberg.de\/home\/wp-content\/uploads\/2025\/08\/f4c34d65-76b7-42f6-8652-aa4dac329f30.jpg 2000w\" sizes=\"auto, (max-width: 709px) 85vw, (max-width: 909px) 67vw, (max-width: 1362px) 62vw, 840px\" \/><\/figure>\n\n\n\n<p><\/p>\n\n\n\n<p style=\"font-size:16px\">Ab dem 10.10.2024 bieten wir<strong> donnerstags<\/strong> wieder Volti an. Wir haben 3 fest stehende Gruppen:<\/p>\n\n\n\n<ul class=\"wp-block-list\">\n<li><strong>Team Baxter:<\/strong> von 16:00 Uhr bis 17:00 Uhr mit Claudia und Josephine (+Annabell)<\/li>\n\n\n\n<li><strong>Team Santi\/Bibi:<\/strong> von 17:00 Uhr bis 18:00 Uhr mit Jenny und Iga (+Selma)<\/li>\n\n\n\n<li><strong>Team Quinn:<\/strong> von 17:00 Uhr bis 18:00 Uhr mit Franzi und Josephine (+Lina)<\/li>\n\n\n\n<li><strong>Team Santi und Quinn<\/strong> haben nach dem Training noch ein <strong>Zusatztraining <\/strong>von einer halben Stunde bis 18:30 Uhr<\/li>\n<\/ul>\n\n\n\n<p style=\"font-size:15px\">Aktuell wird es nur diese 3 Gruppen geben, damit unsere neuen Pferde genug Zeit f\u00fcr die Ausbildung bekommen. Trotzdem ist geplant eine weitere Gruppe aufzunehmen, wenn Du also Interesse hast kontaktiere gerne Jenny unter j.hinterseher@googlemail.com \ud83d\ude42<\/p>\n\n\n\n<h2 class=\"wp-block-heading\" style=\"font-size:30px\">Was ist Voltigieren?<\/h2>\n\n\n\n<p class=\"has-text-align-left\">Voltigieren ist Akrobatik auf dem Pferder\u00fccken. Kinder, Jugendliche und junge Erwachsene erlernen dabei das Turnen auf dem Pferd, welches sich auf einem Zirkel bewegt. Geturnt wird teils alleine, teils zu zweit und in h\u00f6heren Leitungsklassen sogar zu dritt. Im Voltigierunterricht wird sowohl flei\u00dfig auf dem Pferd trainiert, als auch neben dem Pferd, in Form von Bocktraining und auch Kraft- oder Bodentraining. Au\u00dferdem geh\u00f6rt auch die Vorbereitung und Pflege unserer Pferde mit zum Training dazu: Putzen, Ausmisten und F\u00fcttern. Selbst unsere kleinsten Voltis d\u00fcrfen bereits tatkr\u00e4ftig mit anpacken und Verantwortung f\u00fcr den Partner Pferd<br \/>\u00fcbernehmen.<br \/>Voltigieren ist eine Sportart, die Beweglichkeit, K\u00f6rperspannung, Koordination, Kraft und Teamgeist in Harmonie mit dem Partner Pferd f\u00f6rdert und vor allem jede Menge Spa\u00df macht!<\/p>\n\n\n\n<figure class=\"wp-block-image size-large\"><img loading=\"lazy\" decoding=\"async\" width=\"1024\" height=\"682\" src=\"https:\/\/www.rvcgutenberg.de\/home\/wp-content\/uploads\/2025\/08\/18133883-f6ce-4879-a14a-875e23fbc902-1024x682.jpg\" alt=\"\" class=\"wp-image-3726\" srcset=\"https:\/\/www.rvcgutenberg.de\/home\/wp-content\/uploads\/2025\/08\/18133883-f6ce-4879-a14a-875e23fbc902-1024x682.jpg 1024w, https:\/\/www.rvcgutenberg.de\/home\/wp-content\/uploads\/2025\/08\/18133883-f6ce-4879-a14a-875e23fbc902-300x200.jpg 300w, https:\/\/www.rvcgutenberg.de\/home\/wp-content\/uploads\/2025\/08\/18133883-f6ce-4879-a14a-875e23fbc902-768x512.jpg 768w, https:\/\/www.rvcgutenberg.de\/home\/wp-content\/uploads\/2025\/08\/18133883-f6ce-4879-a14a-875e23fbc902-1536x1024.jpg 1536w, https:\/\/www.rvcgutenberg.de\/home\/wp-content\/uploads\/2025\/08\/18133883-f6ce-4879-a14a-875e23fbc902-1200x800.jpg 1200w, https:\/\/www.rvcgutenberg.de\/home\/wp-content\/uploads\/2025\/08\/18133883-f6ce-4879-a14a-875e23fbc902.jpg 1553w\" sizes=\"auto, (max-width: 709px) 85vw, (max-width: 909px) 67vw, (max-width: 1362px) 62vw, 840px\" \/><\/figure>\n\n\n\n<figure class=\"wp-block-gallery has-nested-images columns-default is-cropped wp-block-gallery-1 is-layout-flex wp-block-gallery-is-layout-flex\">\n<figure class=\"wp-block-image size-large\"><img loading=\"lazy\" decoding=\"async\" width=\"1024\" height=\"682\" data-id=\"3733\" src=\"https:\/\/www.rvcgutenberg.de\/home\/wp-content\/uploads\/2025\/08\/3e455cda-78c8-4dd2-bcc7-73849d1d9e6e-1024x682.jpg\" alt=\"\" class=\"wp-image-3733\" srcset=\"https:\/\/www.rvcgutenberg.de\/home\/wp-content\/uploads\/2025\/08\/3e455cda-78c8-4dd2-bcc7-73849d1d9e6e-1024x682.jpg 1024w, https:\/\/www.rvcgutenberg.de\/home\/wp-content\/uploads\/2025\/08\/3e455cda-78c8-4dd2-bcc7-73849d1d9e6e-300x200.jpg 300w, https:\/\/www.rvcgutenberg.de\/home\/wp-content\/uploads\/2025\/08\/3e455cda-78c8-4dd2-bcc7-73849d1d9e6e-768x512.jpg 768w, https:\/\/www.rvcgutenberg.de\/home\/wp-content\/uploads\/2025\/08\/3e455cda-78c8-4dd2-bcc7-73849d1d9e6e-1536x1024.jpg 1536w, https:\/\/www.rvcgutenberg.de\/home\/wp-content\/uploads\/2025\/08\/3e455cda-78c8-4dd2-bcc7-73849d1d9e6e-1200x800.jpg 1200w, https:\/\/www.rvcgutenberg.de\/home\/wp-content\/uploads\/2025\/08\/3e455cda-78c8-4dd2-bcc7-73849d1d9e6e.jpg 2000w\" sizes=\"auto, (max-width: 709px) 85vw, (max-width: 909px) 67vw, (max-width: 1362px) 62vw, 840px\" \/><\/figure>\n\n\n\n<figure class=\"wp-block-image size-large\"><img loading=\"lazy\" decoding=\"async\" width=\"682\" height=\"1024\" data-id=\"3732\" src=\"https:\/\/www.rvcgutenberg.de\/home\/wp-content\/uploads\/2025\/08\/39ee8bdf-06f3-430a-a434-25947ed261b5-682x1024.jpg\" alt=\"\" class=\"wp-image-3732\" srcset=\"https:\/\/www.rvcgutenberg.de\/home\/wp-content\/uploads\/2025\/08\/39ee8bdf-06f3-430a-a434-25947ed261b5-682x1024.jpg 682w, https:\/\/www.rvcgutenberg.de\/home\/wp-content\/uploads\/2025\/08\/39ee8bdf-06f3-430a-a434-25947ed261b5-200x300.jpg 200w, https:\/\/www.rvcgutenberg.de\/home\/wp-content\/uploads\/2025\/08\/39ee8bdf-06f3-430a-a434-25947ed261b5-768x1152.jpg 768w, https:\/\/www.rvcgutenberg.de\/home\/wp-content\/uploads\/2025\/08\/39ee8bdf-06f3-430a-a434-25947ed261b5-1024x1536.jpg 1024w, https:\/\/www.rvcgutenberg.de\/home\/wp-content\/uploads\/2025\/08\/39ee8bdf-06f3-430a-a434-25947ed261b5-1200x1800.jpg 1200w, https:\/\/www.rvcgutenberg.de\/home\/wp-content\/uploads\/2025\/08\/39ee8bdf-06f3-430a-a434-25947ed261b5.jpg 1333w\" sizes=\"auto, (max-width: 682px) 85vw, 682px\" \/><\/figure>\n\n\n\n<figure class=\"wp-block-image size-large\"><img loading=\"lazy\" decoding=\"async\" width=\"1024\" height=\"682\" data-id=\"3730\" src=\"https:\/\/www.rvcgutenberg.de\/home\/wp-content\/uploads\/2025\/08\/2be58564-2029-4ca1-bf1b-37d14e1a9c1e-1024x682.jpg\" alt=\"\" class=\"wp-image-3730\" srcset=\"https:\/\/www.rvcgutenberg.de\/home\/wp-content\/uploads\/2025\/08\/2be58564-2029-4ca1-bf1b-37d14e1a9c1e-1024x682.jpg 1024w, https:\/\/www.rvcgutenberg.de\/home\/wp-content\/uploads\/2025\/08\/2be58564-2029-4ca1-bf1b-37d14e1a9c1e-300x200.jpg 300w, https:\/\/www.rvcgutenberg.de\/home\/wp-content\/uploads\/2025\/08\/2be58564-2029-4ca1-bf1b-37d14e1a9c1e-768x512.jpg 768w, https:\/\/www.rvcgutenberg.de\/home\/wp-content\/uploads\/2025\/08\/2be58564-2029-4ca1-bf1b-37d14e1a9c1e-1536x1024.jpg 1536w, https:\/\/www.rvcgutenberg.de\/home\/wp-content\/uploads\/2025\/08\/2be58564-2029-4ca1-bf1b-37d14e1a9c1e-1200x800.jpg 1200w, https:\/\/www.rvcgutenberg.de\/home\/wp-content\/uploads\/2025\/08\/2be58564-2029-4ca1-bf1b-37d14e1a9c1e.jpg 1979w\" sizes=\"auto, (max-width: 709px) 85vw, (max-width: 909px) 67vw, (max-width: 1362px) 62vw, 840px\" \/><\/figure>\n\n\n\n<figure class=\"wp-block-image size-large\"><img loading=\"lazy\" decoding=\"async\" width=\"1024\" height=\"683\" data-id=\"3727\" src=\"https:\/\/www.rvcgutenberg.de\/home\/wp-content\/uploads\/2025\/08\/25e31d59-a02d-4d9c-ba1e-e9282be1dbda-1024x683.jpg\" alt=\"\" class=\"wp-image-3727\" srcset=\"https:\/\/www.rvcgutenberg.de\/home\/wp-content\/uploads\/2025\/08\/25e31d59-a02d-4d9c-ba1e-e9282be1dbda-1024x683.jpg 1024w, https:\/\/www.rvcgutenberg.de\/home\/wp-content\/uploads\/2025\/08\/25e31d59-a02d-4d9c-ba1e-e9282be1dbda-300x200.jpg 300w, https:\/\/www.rvcgutenberg.de\/home\/wp-content\/uploads\/2025\/08\/25e31d59-a02d-4d9c-ba1e-e9282be1dbda-768x512.jpg 768w, https:\/\/www.rvcgutenberg.de\/home\/wp-content\/uploads\/2025\/08\/25e31d59-a02d-4d9c-ba1e-e9282be1dbda-1536x1025.jpg 1536w, https:\/\/www.rvcgutenberg.de\/home\/wp-content\/uploads\/2025\/08\/25e31d59-a02d-4d9c-ba1e-e9282be1dbda-1200x800.jpg 1200w, https:\/\/www.rvcgutenberg.de\/home\/wp-content\/uploads\/2025\/08\/25e31d59-a02d-4d9c-ba1e-e9282be1dbda.jpg 2000w\" sizes=\"auto, (max-width: 709px) 85vw, (max-width: 909px) 67vw, (max-width: 1362px) 62vw, 840px\" \/><\/figure>\n\n\n\n<figure class=\"wp-block-image size-large\"><img loading=\"lazy\" decoding=\"async\" width=\"886\" height=\"1024\" data-id=\"3734\" src=\"https:\/\/www.rvcgutenberg.de\/home\/wp-content\/uploads\/2025\/08\/9985191c-e371-49dc-84cf-24a57655f953-1-886x1024.jpg\" alt=\"\" class=\"wp-image-3734\" srcset=\"https:\/\/www.rvcgutenberg.de\/home\/wp-content\/uploads\/2025\/08\/9985191c-e371-49dc-84cf-24a57655f953-1-886x1024.jpg 886w, https:\/\/www.rvcgutenberg.de\/home\/wp-content\/uploads\/2025\/08\/9985191c-e371-49dc-84cf-24a57655f953-1-259x300.jpg 259w, https:\/\/www.rvcgutenberg.de\/home\/wp-content\/uploads\/2025\/08\/9985191c-e371-49dc-84cf-24a57655f953-1-768x888.jpg 768w, https:\/\/www.rvcgutenberg.de\/home\/wp-content\/uploads\/2025\/08\/9985191c-e371-49dc-84cf-24a57655f953-1.jpg 1024w\" sizes=\"auto, (max-width: 709px) 85vw, (max-width: 909px) 67vw, (max-width: 1362px) 62vw, 840px\" \/><\/figure>\n\n\n\n<figure class=\"wp-block-image size-large\"><img loading=\"lazy\" decoding=\"async\" width=\"683\" height=\"1024\" data-id=\"3731\" src=\"https:\/\/www.rvcgutenberg.de\/home\/wp-content\/uploads\/2025\/08\/69da8336-290e-4a3c-9719-9d148f571fe8-683x1024.jpg\" alt=\"\" class=\"wp-image-3731\" srcset=\"https:\/\/www.rvcgutenberg.de\/home\/wp-content\/uploads\/2025\/08\/69da8336-290e-4a3c-9719-9d148f571fe8-683x1024.jpg 683w, https:\/\/www.rvcgutenberg.de\/home\/wp-content\/uploads\/2025\/08\/69da8336-290e-4a3c-9719-9d148f571fe8-200x300.jpg 200w, https:\/\/www.rvcgutenberg.de\/home\/wp-content\/uploads\/2025\/08\/69da8336-290e-4a3c-9719-9d148f571fe8-768x1152.jpg 768w, https:\/\/www.rvcgutenberg.de\/home\/wp-content\/uploads\/2025\/08\/69da8336-290e-4a3c-9719-9d148f571fe8-1024x1536.jpg 1024w, https:\/\/www.rvcgutenberg.de\/home\/wp-content\/uploads\/2025\/08\/69da8336-290e-4a3c-9719-9d148f571fe8-1200x1800.jpg 1200w, https:\/\/www.rvcgutenberg.de\/home\/wp-content\/uploads\/2025\/08\/69da8336-290e-4a3c-9719-9d148f571fe8.jpg 1207w\" sizes=\"auto, (max-width: 683px) 85vw, 683px\" \/><\/figure>\n\n\n\n<figure class=\"wp-block-image size-large\"><img loading=\"lazy\" decoding=\"async\" width=\"1024\" height=\"683\" data-id=\"3728\" src=\"https:\/\/www.rvcgutenberg.de\/home\/wp-content\/uploads\/2025\/08\/bd810bff-8fd3-4f77-b1de-63f396435f34-1024x683.jpg\" alt=\"\" class=\"wp-image-3728\" srcset=\"https:\/\/www.rvcgutenberg.de\/home\/wp-content\/uploads\/2025\/08\/bd810bff-8fd3-4f77-b1de-63f396435f34-1024x683.jpg 1024w, https:\/\/www.rvcgutenberg.de\/home\/wp-content\/uploads\/2025\/08\/bd810bff-8fd3-4f77-b1de-63f396435f34-300x200.jpg 300w, https:\/\/www.rvcgutenberg.de\/home\/wp-content\/uploads\/2025\/08\/bd810bff-8fd3-4f77-b1de-63f396435f34-768x512.jpg 768w, https:\/\/www.rvcgutenberg.de\/home\/wp-content\/uploads\/2025\/08\/bd810bff-8fd3-4f77-b1de-63f396435f34-1536x1025.jpg 1536w, https:\/\/www.rvcgutenberg.de\/home\/wp-content\/uploads\/2025\/08\/bd810bff-8fd3-4f77-b1de-63f396435f34-1200x800.jpg 1200w, https:\/\/www.rvcgutenberg.de\/home\/wp-content\/uploads\/2025\/08\/bd810bff-8fd3-4f77-b1de-63f396435f34.jpg 2000w\" sizes=\"auto, (max-width: 709px) 85vw, (max-width: 909px) 67vw, (max-width: 1362px) 62vw, 840px\" \/><\/figure>\n<\/figure>\n\n\n\n<p><\/p>\n\n\n\n<p><\/p>\n","protected":false},"excerpt":{"rendered":"<p>Akrobatik zwischen Himmel und Erde Ab dem 10.10.2024 bieten wir donnerstags wieder Volti an. Wir haben 3 fest stehende Gruppen: Aktuell wird es nur diese 3 Gruppen geben, damit unsere neuen Pferde genug Zeit f\u00fcr die Ausbildung bekommen. Trotzdem ist geplant eine weitere Gruppe aufzunehmen, wenn Du also Interesse hast kontaktiere gerne Jenny unter j.hinterseher@googlemail.com &hellip; <a href=\"https:\/\/www.rvcgutenberg.de\/home\/voltigieren\/\" class=\"more-link\"><span class=\"screen-reader-text\">\u201eVoltigieren\u201c <\/span>weiterlesen<\/a><\/p>\n","protected":false},"author":1,"featured_media":0,"parent":0,"menu_order":0,"comment_status":"closed","ping_status":"closed","template":"","meta":{"_uf_show_specific_survey":0,"_uf_disable_surveys":false,"footnotes":""},"class_list":["post-1958","page","type-page","status-publish","hentry"],"jetpack_sharing_enabled":true,"_links":{"self":[{"href":"https:\/\/www.rvcgutenberg.de\/home\/wp-json\/wp\/v2\/pages\/1958","targetHints":{"allow":["GET"]}}],"collection":[{"href":"https:\/\/www.rvcgutenberg.de\/home\/wp-json\/wp\/v2\/pages"}],"about":[{"href":"https:\/\/www.rvcgutenberg.de\/home\/wp-json\/wp\/v2\/types\/page"}],"author":[{"embeddable":true,"href":"https:\/\/www.rvcgutenberg.de\/home\/wp-json\/wp\/v2\/users\/1"}],"replies":[{"embeddable":true,"href":"https:\/\/www.rvcgutenberg.de\/home\/wp-json\/wp\/v2\/comments?post=1958"}],"version-history":[{"count":16,"href":"https:\/\/www.rvcgutenberg.de\/home\/wp-json\/wp\/v2\/pages\/1958\/revisions"}],"predecessor-version":[{"id":3736,"href":"https:\/\/www.rvcgutenberg.de\/home\/wp-json\/wp\/v2\/pages\/1958\/revisions\/3736"}],"wp:attachment":[{"href":"https:\/\/www.rvcgutenberg.de\/home\/wp-json\/wp\/v2\/media?parent=1958"}],"curies":[{"name":"wp","href":"https:\/\/api.w.org\/{rel}","templated":true}]}}