{"id":1956,"date":"2021-10-15T16:08:17","date_gmt":"2021-10-15T14:08:17","guid":{"rendered":"http:\/\/www.rvcgutenberg.de\/home\/?page_id=1956"},"modified":"2022-11-17T09:02:39","modified_gmt":"2022-11-17T07:02:39","slug":"fahren","status":"publish","type":"page","link":"https:\/\/www.rvcgutenberg.de\/home\/fahren\/","title":{"rendered":"Fahren"},"content":{"rendered":"\n<p>Liebe Fahrerfreunde!<\/p>\n\n\n\n<figure class=\"wp-block-image\"><img loading=\"lazy\" decoding=\"async\" width=\"1600\" height=\"900\" src=\"https:\/\/www.rvcgutenberg.de\/home\/wp-content\/uploads\/2022\/02\/PHOTO-2021-12-14-07-35-46-edited.jpg\" alt=\"\" class=\"wp-image-2163\" srcset=\"https:\/\/www.rvcgutenberg.de\/home\/wp-content\/uploads\/2022\/02\/PHOTO-2021-12-14-07-35-46-edited.jpg 1600w, https:\/\/www.rvcgutenberg.de\/home\/wp-content\/uploads\/2022\/02\/PHOTO-2021-12-14-07-35-46-edited-300x169.jpg 300w, https:\/\/www.rvcgutenberg.de\/home\/wp-content\/uploads\/2022\/02\/PHOTO-2021-12-14-07-35-46-edited-1024x576.jpg 1024w, https:\/\/www.rvcgutenberg.de\/home\/wp-content\/uploads\/2022\/02\/PHOTO-2021-12-14-07-35-46-edited-768x432.jpg 768w, https:\/\/www.rvcgutenberg.de\/home\/wp-content\/uploads\/2022\/02\/PHOTO-2021-12-14-07-35-46-edited-1536x864.jpg 1536w\" sizes=\"auto, (max-width: 709px) 85vw, (max-width: 909px) 67vw, (max-width: 1362px) 62vw, 840px\" \/><\/figure>\n\n\n\n<p>Fahren erfreut sich immer gr\u00f6\u00dferer Beliebtheit. Ob nur zur Entspannung, oder aus sportlichem Ehrgeiz, immer mehr Leute spannen ihre Pferde vor die Kutsche. So sind auch im RVC Gutenberg immer mehr ambitionierte Fahrer t\u00e4tig. Auf dieser Seite wollen wir Euch von unseren Erfolgen, Aktivit\u00e4ten und \u00fcber sonstige Neuigkeiten berichten. Wenn Ihr neugierig geworden seid, schaut doch ganz einfach mal herein.<\/p>\n\n\n<div class=\"wp-block-image\">\n<figure class=\"aligncenter size-full\"><img loading=\"lazy\" decoding=\"async\" width=\"320\" height=\"291\" src=\"https:\/\/www.rvcgutenberg.de\/home\/wp-content\/uploads\/2022\/02\/PHOTO-2021-12-14-07-54-44.jpg\" alt=\"\" class=\"wp-image-2146\" srcset=\"https:\/\/www.rvcgutenberg.de\/home\/wp-content\/uploads\/2022\/02\/PHOTO-2021-12-14-07-54-44.jpg 320w, https:\/\/www.rvcgutenberg.de\/home\/wp-content\/uploads\/2022\/02\/PHOTO-2021-12-14-07-54-44-300x273.jpg 300w\" sizes=\"auto, (max-width: 320px) 85vw, 320px\" \/><\/figure>\n<\/div>","protected":false},"excerpt":{"rendered":"<p>Liebe Fahrerfreunde! Fahren erfreut sich immer gr\u00f6\u00dferer Beliebtheit. Ob nur zur Entspannung, oder aus sportlichem Ehrgeiz, immer mehr Leute spannen ihre Pferde vor die Kutsche. So sind auch im RVC Gutenberg immer mehr ambitionierte Fahrer t\u00e4tig. Auf dieser Seite wollen wir Euch von unseren Erfolgen, Aktivit\u00e4ten und \u00fcber sonstige Neuigkeiten berichten. Wenn Ihr neugierig geworden &hellip; <a href=\"https:\/\/www.rvcgutenberg.de\/home\/fahren\/\" class=\"more-link\"><span class=\"screen-reader-text\">\u201eFahren\u201c <\/span>weiterlesen<\/a><\/p>\n","protected":false},"author":1,"featured_media":0,"parent":0,"menu_order":0,"comment_status":"closed","ping_status":"closed","template":"","meta":{"_uf_show_specific_survey":0,"_uf_disable_surveys":false,"footnotes":""},"class_list":["post-1956","page","type-page","status-publish","hentry"],"jetpack_sharing_enabled":true,"_links":{"self":[{"href":"https:\/\/www.rvcgutenberg.de\/home\/wp-json\/wp\/v2\/pages\/1956","targetHints":{"allow":["GET"]}}],"collection":[{"href":"https:\/\/www.rvcgutenberg.de\/home\/wp-json\/wp\/v2\/pages"}],"about":[{"href":"https:\/\/www.rvcgutenberg.de\/home\/wp-json\/wp\/v2\/types\/page"}],"author":[{"embeddable":true,"href":"https:\/\/www.rvcgutenberg.de\/home\/wp-json\/wp\/v2\/users\/1"}],"replies":[{"embeddable":true,"href":"https:\/\/www.rvcgutenberg.de\/home\/wp-json\/wp\/v2\/comments?post=1956"}],"version-history":[{"count":7,"href":"https:\/\/www.rvcgutenberg.de\/home\/wp-json\/wp\/v2\/pages\/1956\/revisions"}],"predecessor-version":[{"id":2431,"href":"https:\/\/www.rvcgutenberg.de\/home\/wp-json\/wp\/v2\/pages\/1956\/revisions\/2431"}],"wp:attachment":[{"href":"https:\/\/www.rvcgutenberg.de\/home\/wp-json\/wp\/v2\/media?parent=1956"}],"curies":[{"name":"wp","href":"https:\/\/api.w.org\/{rel}","templated":true}]}}